{"id":2400,"date":"2024-11-03T15:08:06","date_gmt":"2024-11-03T15:08:06","guid":{"rendered":"https:\/\/mentalhealth.ndphs.org\/tutvustus\/"},"modified":"2025-06-16T11:20:50","modified_gmt":"2025-06-16T11:20:50","slug":"tutvustus","status":"publish","type":"page","link":"https:\/\/mentalhealth.ndphs.org\/et\/tutvustus\/","title":{"rendered":"Tutvustus"},"content":{"rendered":"<p>Meie veebip\u00f5hine esmaabikapp on m\u00f5eldud v\u00e4ikeettev\u00f5tete juhtidele, t\u00f6\u00f6andjatele, eri juhtimistasandite esindajatele, personali- ja t\u00f6\u00f6keskkonna esindajatele, kes soovivad edendada t\u00f6\u00f6tajate vaimset tervist. Siit leiate praktilisi, h\u00f5lpsasti rakendatavaid lahendusi, mis aitavad teil tegeleda t\u00f6\u00f6kohtadel enamlevinud organisatsiooniliste, sotsiaalsete ja struktuursete riskiteguritega, mis m\u00f5jutavad negatiivselt t\u00f6\u00f6tajate heaolu. Esmaabikapist leiate ka materjale, mis aitavad teil kaitsta oma vaimset tervist t\u00f6\u00f6l.<\/p>\n<p>Muutes vaimse tervise prioriteediks, ei kaitse te mitte ainult ennast ja oma meeskonda, vaid investeerite oma ettev\u00f5tte pikaajalisse edusse. Tutvuge meie materjalidega ja alustage tervislikuma ja s\u00e4ilen\u00f5tkema t\u00f6\u00f6keskkonna loomist juba t\u00e4na.<\/p>\n<h4><strong>Miks t\u00f6\u00f6tajate vaimne tervis on teie ettev\u00f5tte jaoks oluline?<\/strong><\/h4>\n<p>Vaimne tervis on t\u00f6\u00f6kohal sama oluline kui f\u00fc\u00fcsiline tervis. Kui t\u00f6\u00f6tajad tunnevad end toetatuna ja vaimselt tervena, on nad p\u00fchendunumad, motiveeritumad ja produktiivsemad. Seevastu v\u00f5ivad ravimata vaimse tervise probleemid p\u00f5hjustada haiguse t\u00f5ttu puudumisi, t\u00f6\u00f6l &#8220;olemist&#8221; (ollakse kohal, kuid ei olda tulemuslikud), madalamat tootlikkust ja suuremat personalivoolavust &#8211; probleeme, millel v\u00f5ib olla m\u00e4rkimisv\u00e4\u00e4rne m\u00f5ju v\u00e4ikeettev\u00f5tetele ja organisatsioonidele, kus iga meeskonnaliige m\u00e4ngib olulist rolli. Investeerimine vaimsesse tervisesse ei t\u00e4henda ainult t\u00f6\u00f6tajate eest hoolitsemist &#8211; see on arukas \u00e4riotsus, mis toob kaasa paindlikuma, t\u00f5husama ja edukama organisatsiooni.<\/p>\n<h4><strong>Tavalised ps\u00fchhosotsiaalsed riskid v\u00e4ikeettev\u00f5tetes<\/strong><\/h4>\n<p>Ps\u00fchhosotsiaalsed riskid t\u00f6\u00f6kohal &#8211; n\u00e4iteks \u00fclem\u00e4\u00e4rane stress, halvad suhted ja ebaselged rollid &#8211; v\u00f5ivad oluliselt m\u00f5jutada teie t\u00f6\u00f6tajate vaimset heaolu. Need riskid v\u00f5ivad kaasa aidata \u00e4revuse, l\u00e4bip\u00f5lemise ja t\u00f6\u00f6ga rahulolematuse tekkimisele, mis k\u00f5ik v\u00f5ivad negatiivselt m\u00f5jutada t\u00f6\u00f6tulemusi ja \u00fcldist heaolu. Neid riske \u00e4ra tundes ja nendega tegeledes saate luua tervislikuma t\u00f6\u00f6keskkonna, mis toetab nii teie meeskonna vaimset kui ka emotsionaalset heaolu.<\/p>\n<p>V\u00e4ikeettev\u00f5tetes ja -organisatsioonides, kus ressursid v\u00f5ivad olla piiratud ja t\u00f6\u00f6alased n\u00f5udmised sageli suured, on teatud ps\u00fchhosotsiaalsed riskid eriti levinud. Nende hulka kuuluvad n\u00e4iteks:<\/p>\n<ul>\n<li><strong>T\u00f6\u00f6stress:<\/strong> suur t\u00f6\u00f6koormus, kiire t\u00f6\u00f6tempo ja v\u00e4hene kontroll oma t\u00f6\u00f6 \u00fcle v\u00f5ivad p\u00f5hjustada kroonilist stressi, mis v\u00f5ib viia l\u00e4bip\u00f5lemiseni, kui sellega ei tegelda.<\/li>\n<li><strong>Halb t\u00f6\u00f6- ja eraelu tasakaal:<\/strong> T\u00f6\u00f6tajad v\u00f5ivad v\u00e4iksemates meeskondades tunda vajadust end liigselt pingutada, h\u00e4gustades t\u00f6\u00f6- ja eraelu piire ning aidates kaasa stressile ja kurnatusele.<\/li>\n<li><strong>Vaimse tervise toetuse puudumine:<\/strong> v\u00e4ikeettev\u00f5tete ja -organisatsioonide t\u00f6\u00f6tajatel v\u00f5ib olla raske saada vajalikku tuge, mis p\u00f5hjustab isoleerituse v\u00f5i abituse tunnet. Seda p\u00f5hjusel, et v\u00e4ikeettev\u00f5tetel on sageli v\u00e4hem ressursse kui suurematel organisatsioonidel nende teemadega tegelemiseks.<\/li>\n<li><strong>Ebaselged rollid ja ootused:<\/strong> D\u00fcnaamiliste v\u00e4ikeste meeskondade puhul v\u00f5ivad rollid olla muutlikud ja ootused ebaselged, mis tekitab ebakindlust ja \u00e4revust t\u00f6\u00f6tajate seas.<\/li>\n<li><strong>Inimestevahelised konfliktid:<\/strong> Kui suhtlemisest tulenevaid pingeid v\u00f5i konflikte ei suudeta h\u00e4sti juhtida, v\u00f5ib see p\u00f5hjustada stressi, kehvemat koost\u00f6\u00f6d ja toksilist t\u00f6\u00f6\u00f5hkkonda.<\/li>\n<li><strong>Kommunikatsiooniprobleemid:<\/strong> T\u00f5hus suhtlemine on stressiga toimetulekuks ja arusaamatuste v\u00e4ltimiseks \u00fclioluline. V\u00e4ikeettev\u00f5tetes ja organisatsioonides t\u00e4idavad t\u00f6\u00f6tajad sageli mitmeid rolle, mis v\u00f5ib muuta suhted keeruliseks, tuua kaasa lahendamata konflikte, pingeid v\u00f5i arusaamatusi.<\/li>\n<\/ul>\n<div class=\"content_img\">\n<p><img loading=\"lazy\" decoding=\"async\" class=\"aligncenter\" title=\"\" src=\"https:\/\/mentalhealth.ndphs.org\/wp-content\/uploads\/2024\/12\/antonio-poveda-montes-YtoNx53Vc78-unsplash-1.jpg\" width=\"651\" height=\"464\" \/><\/p>\n<figure class=\"caption\"><\/figure>\n<\/div>\n<div class=\"content_img\">\n<div class=\"content_img\">\n<div class=\"content_img\">\n<div class=\"content_img\">\n<div class=\"content_img\"><\/div>\n<figure class=\"caption\"><\/figure>\n<\/div>\n<figure class=\"caption\"><\/figure>\n<\/div>\n<\/div>\n<\/div>\n<h4><strong>Meie meeskond<\/strong><\/h4>\n<p>Esmaabikapi t\u00f6\u00f6riistade komplekti on v\u00e4lja t\u00f6\u00f6tanud Soome, Eesti, L\u00e4ti ja Norra juhtivad t\u00f6\u00f6ohutuse ja t\u00f6\u00f6tervishoiu eksperdid, kes on kirglikult p\u00fchendunud t\u00f6\u00f6koha heaolu parandamisele. Iga materjal p\u00f5hineb t\u00f5endusp\u00f5histel praktikatel ja on valideeritud meie ekspertide meeskonna poolt tagamaks, et teie k\u00e4sutuses on t\u00f6\u00f6riistad, mida on usaldusv\u00e4\u00e4rsed ja mille kasutamine annab tulemusi. Tuginedes kollektiivsele ekspertiisile aitame teil luua oma meeskonnale ohutuma, tervislikuma ja toetavama t\u00f6\u00f6keskkonna.<\/p>\n<div class=\"content_img\">\n<p><img loading=\"lazy\" decoding=\"async\" class=\"aligncenter\" title=\"\" src=\"https:\/\/mentalhealth.ndphs.org\/wp-content\/uploads\/2024\/12\/Family_photo.jpg\" width=\"617\" height=\"362\" \/><\/p>\n<figure class=\"caption\"><\/figure>\n<\/div>\n","protected":false},"excerpt":{"rendered":"<p>Meie veebip\u00f5hine esmaabikapp on m\u00f5eldud v\u00e4ikeettev\u00f5tete juhtidele, t\u00f6\u00f6andjatele, eri juhtimistasandite esindajatele, personali- ja t\u00f6\u00f6keskkonna esindajatele, kes soovivad edendada t\u00f6\u00f6tajate vaimset tervist. Siit leiate praktilisi, h\u00f5lpsasti rakendatavaid lahendusi, mis aitavad teil tegeleda t\u00f6\u00f6kohtadel enamlevinud organisatsiooniliste, sotsiaalsete ja struktuursete riskiteguritega, mis m\u00f5jutavad negatiivselt t\u00f6\u00f6tajate heaolu. Esmaabikapist leiate ka materjale, mis aitavad teil kaitsta oma vaimset tervist t\u00f6\u00f6l. [&hellip;]<\/p>\n","protected":false},"author":1,"featured_media":0,"parent":0,"menu_order":0,"comment_status":"closed","ping_status":"closed","template":"","meta":{"_acf_changed":false,"inline_featured_image":false,"footnotes":""},"class_list":["post-2400","page","type-page","status-publish","hentry"],"acf":[],"_links":{"self":[{"href":"https:\/\/mentalhealth.ndphs.org\/et\/wp-json\/wp\/v2\/pages\/2400","targetHints":{"allow":["GET"]}}],"collection":[{"href":"https:\/\/mentalhealth.ndphs.org\/et\/wp-json\/wp\/v2\/pages"}],"about":[{"href":"https:\/\/mentalhealth.ndphs.org\/et\/wp-json\/wp\/v2\/types\/page"}],"author":[{"embeddable":true,"href":"https:\/\/mentalhealth.ndphs.org\/et\/wp-json\/wp\/v2\/users\/1"}],"replies":[{"embeddable":true,"href":"https:\/\/mentalhealth.ndphs.org\/et\/wp-json\/wp\/v2\/comments?post=2400"}],"version-history":[{"count":2,"href":"https:\/\/mentalhealth.ndphs.org\/et\/wp-json\/wp\/v2\/pages\/2400\/revisions"}],"predecessor-version":[{"id":2966,"href":"https:\/\/mentalhealth.ndphs.org\/et\/wp-json\/wp\/v2\/pages\/2400\/revisions\/2966"}],"wp:attachment":[{"href":"https:\/\/mentalhealth.ndphs.org\/et\/wp-json\/wp\/v2\/media?parent=2400"}],"curies":[{"name":"wp","href":"https:\/\/api.w.org\/{rel}","templated":true}]}}