{"id":1651,"date":"2024-11-03T15:08:06","date_gmt":"2024-11-03T15:08:06","guid":{"rendered":"https:\/\/mentalhealth.ndphs.org\/tietoa-meista\/"},"modified":"2025-06-16T11:12:24","modified_gmt":"2025-06-16T11:12:24","slug":"tietoa-meista","status":"publish","type":"page","link":"https:\/\/mentalhealth.ndphs.org\/fi\/tietoa-meista\/","title":{"rendered":"Tietoa meist\u00e4"},"content":{"rendered":"<p>T\u00e4m\u00e4 mielenterveyden ensiapupakkaus on luotu pienten yritysten johtajille, esihenkil\u00f6ille, henkil\u00f6st\u00f6hallinnon ammattilaisille ja ty\u00f6turvallisuuden edustajille. Se on tarkoitettu sinulle, joka haluat tukea ty\u00f6ntekij\u00f6iden hyvinvointia.<\/p>\n<p>Ensiapupakkaus tarjoaa helppoja ja k\u00e4yt\u00e4nn\u00f6llisi\u00e4 ratkaisuja, joilla voit puuttua yleisiin ty\u00f6paikan psykososiaalisiin kuormitustekij\u00f6ihin \u2013 siis niihin asioihin, jotka vaikuttavat ty\u00f6ntekij\u00f6iden jaksamiseen. Lis\u00e4ksi l\u00f6yd\u00e4t my\u00f6s vinkkej\u00e4 oman ty\u00f6hyvinvointisi edist\u00e4miseen.<\/p>\n<p>Kun pid\u00e4t huolta ty\u00f6ntekij\u00f6iden hyvinvoinnista, suojelet sek\u00e4 itse\u00e4si ett\u00e4 tiimi\u00e4si ja samalla panostat yrityksesi menestykseen. Tutustu siis ensiapupakkaukseen ja ala rakentaa terveemp\u00e4\u00e4 ja kest\u00e4v\u00e4mp\u00e4\u00e4 ty\u00f6paikkaa jo t\u00e4n\u00e4\u00e4n!<\/p>\n<h4><strong>Miksi ryhty\u00e4 toimeen?<\/strong><\/h4>\n<p>Ty\u00f6ntekij\u00f6iden mielenterveys on yht\u00e4 t\u00e4rke\u00e4\u00e4 kuin heid\u00e4n fyysinen terveys. Kun ty\u00f6ntekij\u00e4t tuntevat saavansa tarvitsemaansa tukea ja voivat hyvin, he ovat sitoutuneempia, motivoituneempia ja tuottavampia. Sit\u00e4 vastoin hoitamattomat mielenterveysongelmat voivat johtaa lis\u00e4\u00e4ntyneisiin poissaoloihin, tuottavuuden laskuun ja korkeampiin henkil\u00f6st\u00f6n vaihtuvuuslukuihin. T\u00e4m\u00e4 ovat haasteita, joilla voi olla merkitt\u00e4v\u00e4 vaikutus pieniin yrityksiin, joissa jokaisella tiimin j\u00e4senell\u00e4 on ratkaiseva rooli. Mielenterveyteen panostaminen ei ole vain ty\u00f6ntekij\u00f6ist\u00e4 v\u00e4litt\u00e4mist\u00e4, vaan se on fiksu liiketoimintap\u00e4\u00e4t\u00f6s, joka johtaa joustavampaan, tehokkaampaan ja menestyksekk\u00e4\u00e4mp\u00e4\u00e4n toimintaan.<\/p>\n<h4><strong>Yleiset psykososiaaliset kuormitustekij\u00e4t pienyrityksiss\u00e4<\/strong><\/h4>\n<p>Psykososiaaliset kuormitustekij\u00f6ill\u00e4 tarkoitetaan ty\u00f6n sis\u00e4lt\u00f6\u00f6n ja j\u00e4rjestelyihin sek\u00e4 ty\u00f6yhteis\u00f6n sosiaaliseen toimivuuteen liittyvi\u00e4 tekij\u00f6it\u00e4, jotka voivat aiheuttaa haitallista kuormitusta. T\u00e4llainen kuormitus voi lis\u00e4t\u00e4 ahdistusta, uupumusta ja tyytym\u00e4tt\u00f6myytt\u00e4. N\u00e4m\u00e4 tunteet voivat puolestaan heikent\u00e4\u00e4 ty\u00f6suoritusta ja yleist\u00e4 hyvinvointia.<\/p>\n<p>On t\u00e4rke\u00e4\u00e4 ymm\u00e4rt\u00e4\u00e4, ett\u00e4 vaikka n\u00e4m\u00e4 kuormitustekij\u00e4t vaikuttavat yksitt\u00e4iseen ihmiseen, ne eiv\u00e4t ole vain h\u00e4nen henkil\u00f6kohtainen ongelmansa \u2013 ne johtuvat usein ty\u00f6st\u00e4 tai ty\u00f6oloista. Kun tunnistat n\u00e4m\u00e4 kuormitustekij\u00e4t ja puutut niihin, voit luoda ty\u00f6ymp\u00e4rist\u00f6n, jossa sek\u00e4 sin\u00e4 ett\u00e4 tiimisi voitte paremmin.<\/p>\n<p>Pieniss\u00e4 yrityksiss\u00e4 ja organisaatioissa, joissa resurssit voivat olla rajalliset ja ty\u00f6n vaatimukset korkeat, tietyt psykososiaaliset kuormitustekij\u00e4t ovat erityisen yleisi\u00e4. T\u00e4llaisia ovat esimerkiksi:<\/p>\n<ul>\n<li><strong>Ty\u00f6stressi:<\/strong> Liian suuri ty\u00f6m\u00e4\u00e4r\u00e4, kova kiire ja v\u00e4h\u00e4iset mahdollisuudet vaikuttaa omaan ty\u00f6h\u00f6n voivat johtaa jatkuvaan stressiin. Jos t\u00e4h\u00e4n ei puututa, seurauksena voi olla uupumus.<\/li>\n<li><strong>Huono tasapaino ty\u00f6n ja vapaa-ajan v\u00e4lill\u00e4:<\/strong> Pieniss\u00e4 tiimeiss\u00e4 ty\u00f6ntekij\u00e4t saattavat joutua venym\u00e4\u00e4n paljon. Silloin ty\u00f6n ja vapaa-ajan raja voi h\u00e4m\u00e4rty\u00e4, mik\u00e4 saattaa aiheuttaa stressi\u00e4 ja uupumusta.<\/li>\n<li><strong>Mielenterveystuen puute:<\/strong> Pienyrityksiss\u00e4 ei aina ole HR-osastoa tai riitt\u00e4v\u00e4sti tukea tarjolla mielenterveysasioihin. T\u00e4m\u00e4 voi saada ty\u00f6ntekij\u00e4n tuntemaan itsens\u00e4 yksin\u00e4iseksi tai avuttomaksi.<\/li>\n<li><strong>Ep\u00e4selv\u00e4t roolit ja odotukset:<\/strong> Pieniss\u00e4 ja dynaamisissa tiimeiss\u00e4 ty\u00f6nkuvat ja odotukset voivat joskus olla ep\u00e4selvi\u00e4. T\u00e4m\u00e4 voi aiheuttaa ty\u00f6ntekij\u00f6iss\u00e4 ep\u00e4varmuutta ja ahdistusta.<\/li>\n<li><strong>Ristiriidat ty\u00f6yhteis\u00f6ss\u00e4:<\/strong> Jos ty\u00f6paikan erimielisyyksiin ja konflikteihin ei puututa kunnolla, ne voivat aiheuttaa stressi\u00e4, v\u00e4hent\u00e4\u00e4 yhteisty\u00f6t\u00e4 ja pilata ty\u00f6ilmapiirin.<\/li>\n<li><strong>Viestinn\u00e4n ongelmat:<\/strong> Hyv\u00e4 viestint\u00e4 on avainasemassa stressin hallinnassa ja v\u00e4\u00e4rink\u00e4sitysten ehk\u00e4isemisess\u00e4. Pienyrityksiss\u00e4, joissa ty\u00f6ntekij\u00e4t tekev\u00e4t monenlaisia t\u00f6it\u00e4, viestint\u00e4 voi helposti j\u00e4\u00e4d\u00e4 puutteelliseksi. T\u00e4m\u00e4 voi johtaa selvitt\u00e4m\u00e4tt\u00f6miin ristiriitoihin, j\u00e4nnitteisiin tai siihen, ettei kaikilla ole selv\u00e4\u00e4 yhteist\u00e4 suuntaa.<\/li>\n<\/ul>\n<div class=\"content_img\">\n<p><img loading=\"lazy\" decoding=\"async\" class=\"aligncenter\" title=\"\" src=\"https:\/\/mentalhealth.ndphs.org\/wp-content\/uploads\/2024\/12\/antonio-poveda-montes-YtoNx53Vc78-unsplash-1.jpg\" width=\"651\" height=\"464\" \/><\/p>\n<figure class=\"caption\"><\/figure>\n<\/div>\n<div class=\"content_img\">\n<div class=\"content_img\">\n<div class=\"content_img\">\n<div class=\"content_img\">\n<div class=\"content_img\"><\/div>\n<figure class=\"caption\"><\/figure>\n<\/div>\n<figure class=\"caption\"><\/figure>\n<\/div>\n<\/div>\n<\/div>\n<h4><strong>Tiimimme<\/strong><\/h4>\n<p>T\u00e4m\u00e4n ensiapupakkauksen ovat kehitt\u00e4neet ty\u00f6turvallisuuden ja -terveyden asiantuntijat Latviasta, Norjasta, Suomesta ja Virosta, joiden syd\u00e4nt\u00e4 l\u00e4hell\u00e4 on ty\u00f6paikkojen hyvinvoinnin edist\u00e4minen. Pakkauksen sis\u00e4lt\u00f6 perustuu tutkittuun tietoon, ja asiantuntijamme ovat tarkistaneet sen. Voit siis luottaa siihen, ett\u00e4 ty\u00f6kalut ovat toimivia. Asiantuntijamme haluavat auttaa sinua luomaan tiimillesi turvallisemman, terveemm\u00e4n ja kannustavamman ty\u00f6ymp\u00e4rist\u00f6n.<\/p>\n<div class=\"content_img\">\n<p><img loading=\"lazy\" decoding=\"async\" class=\"aligncenter\" title=\"\" src=\"https:\/\/mentalhealth.ndphs.org\/wp-content\/uploads\/2024\/12\/Family_photo.jpg\" width=\"617\" height=\"362\" \/><\/p>\n<figure class=\"caption\"><\/figure>\n<\/div>\n","protected":false},"excerpt":{"rendered":"<p>T\u00e4m\u00e4 mielenterveyden ensiapupakkaus on luotu pienten yritysten johtajille, esihenkil\u00f6ille, henkil\u00f6st\u00f6hallinnon ammattilaisille ja ty\u00f6turvallisuuden edustajille. Se on tarkoitettu sinulle, joka haluat tukea ty\u00f6ntekij\u00f6iden hyvinvointia. Ensiapupakkaus tarjoaa helppoja ja k\u00e4yt\u00e4nn\u00f6llisi\u00e4 ratkaisuja, joilla voit puuttua yleisiin ty\u00f6paikan psykososiaalisiin kuormitustekij\u00f6ihin \u2013 siis niihin asioihin, jotka vaikuttavat ty\u00f6ntekij\u00f6iden jaksamiseen. Lis\u00e4ksi l\u00f6yd\u00e4t my\u00f6s vinkkej\u00e4 oman ty\u00f6hyvinvointisi edist\u00e4miseen. Kun pid\u00e4t huolta ty\u00f6ntekij\u00f6iden [&hellip;]<\/p>\n","protected":false},"author":1,"featured_media":0,"parent":0,"menu_order":0,"comment_status":"closed","ping_status":"closed","template":"","meta":{"_acf_changed":false,"inline_featured_image":false,"footnotes":""},"class_list":["post-1651","page","type-page","status-publish","hentry"],"acf":[],"_links":{"self":[{"href":"https:\/\/mentalhealth.ndphs.org\/fi\/wp-json\/wp\/v2\/pages\/1651","targetHints":{"allow":["GET"]}}],"collection":[{"href":"https:\/\/mentalhealth.ndphs.org\/fi\/wp-json\/wp\/v2\/pages"}],"about":[{"href":"https:\/\/mentalhealth.ndphs.org\/fi\/wp-json\/wp\/v2\/types\/page"}],"author":[{"embeddable":true,"href":"https:\/\/mentalhealth.ndphs.org\/fi\/wp-json\/wp\/v2\/users\/1"}],"replies":[{"embeddable":true,"href":"https:\/\/mentalhealth.ndphs.org\/fi\/wp-json\/wp\/v2\/comments?post=1651"}],"version-history":[{"count":6,"href":"https:\/\/mentalhealth.ndphs.org\/fi\/wp-json\/wp\/v2\/pages\/1651\/revisions"}],"predecessor-version":[{"id":2965,"href":"https:\/\/mentalhealth.ndphs.org\/fi\/wp-json\/wp\/v2\/pages\/1651\/revisions\/2965"}],"wp:attachment":[{"href":"https:\/\/mentalhealth.ndphs.org\/fi\/wp-json\/wp\/v2\/media?parent=1651"}],"curies":[{"name":"wp","href":"https:\/\/api.w.org\/{rel}","templated":true}]}}