{"id":1002,"date":"2024-11-03T15:08:06","date_gmt":"2024-11-03T15:08:06","guid":{"rendered":"https:\/\/mentalhealth.ndphs.org\/?page_id=1002"},"modified":"2025-06-15T09:52:17","modified_gmt":"2025-06-15T09:52:17","slug":"about","status":"publish","type":"page","link":"https:\/\/mentalhealth.ndphs.org\/lv\/about\/","title":{"rendered":"Par"},"content":{"rendered":"<p>M\u016bsu tie\u0161saistes Pirm\u0101s pal\u012bdz\u012bbas komplekts ir piel\u0101gots mazo uz\u0146\u0113mumu vad\u012bt\u0101jiem, tostarp darba dev\u0113jiem, vad\u012bt\u0101jiem, cilv\u0113kresursu un darba aizsardz\u012bbas speci\u0101listiem, kuri v\u0113las akt\u012bvi veicin\u0101t ment\u0101lo vesel\u012bbu uz\u0146\u0113mumos. \u0160aj\u0101 r\u012bku komplekt\u0101 apkopoti praktiski, viegli \u012bstenojami risin\u0101jumi, kas pal\u012bdz nov\u0113rst izplat\u012bt\u0101kos organizatoriskos, soci\u0101los un struktur\u0101los riska faktorus darbaviet\u0101s, kuri negat\u012bvi ietekm\u0113 darbinieku labb\u016bt\u012bbu. Vienlaikus taj\u0101 ir sniegti resursi, kas var pal\u012bdz\u0113t ar\u012b jums saglab\u0101t savu ment\u0101lo vesel\u012bbu darb\u0101.<\/p>\n<p>Pie\u0161\u0137irot priorit\u0101ti ment\u0101lajai vesel\u012bbai, j\u016bs ne tikai aizsarg\u0101jat sevi un savu komandu, bet ar\u012b ieguld\u0101t sava uz\u0146\u0113muma ilgtermi\u0146a pan\u0101kumos. Izp\u0113tiet m\u016bsu resursus un s\u0101ciet veidot vesel\u012bg\u0101ku un elast\u012bg\u0101ku darbavietu jau \u0161odien.<\/p>\n<h4><strong>K\u0101p\u0113c j\u016bsu uz\u0146\u0113mumam ir svar\u012bga ment\u0101l\u0101 vesel\u012bba<\/strong><\/h4>\n<p>Ment\u0101l\u0101 vesel\u012bba darba viet\u0101 ir tikpat svar\u012bga k\u0101 fizisk\u0101 vesel\u012bba. Ja darbinieki j\u016btas atbalst\u012bti un ment\u0101li veseli, vi\u0146i ir vair\u0101k iesaist\u012bti, motiv\u0113ti un produkt\u012bvi. Turpret\u012b ne\u0101rst\u0113tas ment\u0101l\u0101s vesel\u012bbas probl\u0113mas var izrais\u012bt liel\u0101ku darba kav\u0113jumu skaitu, prezenteismu, zem\u0101ku produktivit\u0101ti un augst\u0101ku darbinieku main\u012bbas l\u012bmeni &#8211; probl\u0113mas, kas var b\u016btiski ietekm\u0113t mazos uz\u0146\u0113mumus un organiz\u0101cijas, kur\u0101s katram komandas loceklim ir iz\u0161\u0137iro\u0161a loma. Ieguld\u012bjumi ment\u0101l\u0101j\u0101 vesel\u012bb\u0101 nav tikai r\u016bpes par darbiniekiem; tas ir gudrs biznesa l\u0113mums, kas veicina elast\u012bg\u0101ku, efekt\u012bv\u0101ku un veiksm\u012bg\u0101ku organiz\u0101ciju.<\/p>\n<h4><strong>Bie\u017e\u0101k sastopamie psihosoci\u0101lie riski mazajos uz\u0146\u0113mumos<\/strong><\/h4>\n<p>Psihosoci\u0101lie riski darbaviet\u0101, piem\u0113ram, liels stress, slikta sazi\u0146a un neskaidras lomas, var b\u016btiski ietekm\u0113t j\u016bsu darbinieku ment\u0101lo labb\u016bt\u012bbu. \u0160ie riski var veicin\u0101t trauksmes, izdeg\u0161anas un neapmierin\u0101t\u012bbas saj\u016btu darb\u0101, kas var kav\u0113t darba sniegumu un visp\u0101r\u0113jo labb\u016bt\u012bbu. Atz\u012bstot un nov\u0113r\u0161ot \u0161os riskus, j\u016bs varat izveidot vesel\u012bg\u0101ku darba vidi, kas atbalsta gan j\u016bsu komandas ment\u0101lo, gan emocion\u0101lo labsaj\u016btu.<\/p>\n<p>Mazos uz\u0146\u0113mumos un organiz\u0101cij\u0101s, kur resursi var b\u016bt ierobe\u017eoti un darba pras\u012bbas bie\u017ei ir augstas, \u012bpa\u0161i bie\u017ei sastopami da\u017e\u0101di psihosoci\u0101lie riski. Tie ir, piem\u0113ram, \u0161\u0101di:<\/p>\n<ul>\n<li><strong>Stress darba viet\u0101:<\/strong> Liela darba slodze, \u0101trs darba temps un zema darba kontrole var izrais\u012bt hronisku stresu, kas, ja netiek risin\u0101ts, var novest pie izdeg\u0161anas.<\/li>\n<li><strong>Slikts darba un priv\u0101t\u0101s dz\u012bves l\u012bdzsvars:<\/strong> Maz\u0101k\u0101s komand\u0101s darbinieki var just vajadz\u012bbu sevi p\u0101r\u0101k noslogot, t\u0101d\u0113j\u0101di izpludinot robe\u017eu starp darbu un person\u012bgo dz\u012bvi un veicinot stresu un nogurumu.<\/li>\n<li><strong>Ment\u0101l\u0101s vesel\u012bbas atbalsta tr\u016bkums:<\/strong> Mazo uz\u0146\u0113mumu un organiz\u0101ciju darbiniekiem, kuriem nav sp\u0113c\u012bgu person\u0101lvad\u012bbas speci\u0101listu, kas bie\u017ei vien ir pieejami liel\u0101k\u0101s organiz\u0101cij\u0101s, var b\u016bt gr\u016bti sa\u0146emt nepiecie\u0161amo atbalstu, tas var izrais\u012bt izol\u0113t\u012bbas vai bezpal\u012bdz\u012bbas saj\u016btu.<\/li>\n<li><strong>Neskaidras lomas un gaidas:<\/strong> Dinamisk\u0101s maz\u0101s komand\u0101s lomas var b\u016bt main\u012bgas un gaidas neskaidras, radot nenoteikt\u012bbu un trauksmi darbinieku vid\u016b.<\/li>\n<li><strong>Starppersonu konflikti:<\/strong> Cie\u0161i saist\u012btas komandas da\u017ek\u0101rt var saskarties ar starppersonu konfliktiem, kas, ja netiek labi p\u0101rvald\u012bti, var izrais\u012bt stresu, zem\u0101ku sadarb\u012bbu un toksisku darba vidi.<\/li>\n<li><strong>Komunik\u0101cijas probl\u0113mas:<\/strong> Efekt\u012bvai sazi\u0146ai ir iz\u0161\u0137iro\u0161a noz\u012bme stresa p\u0101rvald\u012b\u0161an\u0101 un p\u0101rpratumu nov\u0113r\u0161an\u0101. Mazajos uz\u0146\u0113mumos un organiz\u0101cij\u0101s, kur darbinieki var ie\u0146emt vair\u0101kus amatus, svar\u012bga konkr\u0113ta un skaidra starppersonu sazi\u0146a, t\u0101s tr\u016bkums var izrais\u012bt neatrisin\u0101tus konfliktus, spriedzi vai skaidr\u012bbas tr\u016bkumu par uz\u0146\u0113muma m\u0113r\u0137iem un notieko\u0161ajiem procesiem.<\/li>\n<\/ul>\n<div class=\"content_img\">\n<p><img loading=\"lazy\" decoding=\"async\" class=\"aligncenter\" title=\"\" src=\"https:\/\/mentalhealth.ndphs.org\/wp-content\/uploads\/2024\/12\/antonio-poveda-montes-YtoNx53Vc78-unsplash-1.jpg\" width=\"651\" height=\"464\" \/><\/p>\n<figure class=\"caption\"><\/figure>\n<\/div>\n<div class=\"content_img\">\n<div class=\"content_img\">\n<div class=\"content_img\">\n<div class=\"content_img\">\n<div class=\"content_img\"><\/div>\n<figure class=\"caption\"><\/figure>\n<\/div>\n<figure class=\"caption\"><\/figure>\n<\/div>\n<\/div>\n<\/div>\n<h4><strong>M\u016bsu komanda<\/strong><\/h4>\n<p>\u0160o r\u012bku kopumu ir izstr\u0101d\u0101ju\u0161i vado\u0161ie darba aizsardz\u012bbas un vesel\u012bbas eksperti no Somijas, Igaunijas, Latvijas un Norv\u0113\u0123ijas. Katrs \u0161aj\u0101 r\u012bku komplekt\u0101 iek\u013cautais resurss ir balst\u012bts uz pier\u0101d\u012bjumos balst\u012btu praksi, lai nodro\u0161in\u0101tu, ka j\u016bsu r\u012bc\u012bb\u0101 ir uzticami un efekt\u012bvi r\u012bki. Ar m\u016bsu kolekt\u012bvaj\u0101m zin\u0101\u0161an\u0101m m\u0113s esam ap\u0146\u0113mu\u0161ies pal\u012bdz\u0113t jums izveidot dro\u0161\u0101ku, vesel\u012bg\u0101ku un atbalsto\u0161\u0101ku darba vidi j\u016bsu komandai.<\/p>\n<div class=\"content_img\">\n<p><img loading=\"lazy\" decoding=\"async\" class=\"aligncenter\" title=\"\" src=\"https:\/\/mentalhealth.ndphs.org\/wp-content\/uploads\/2024\/12\/Family_photo.jpg\" width=\"617\" height=\"362\" \/><\/p>\n<figure class=\"caption\"><\/figure>\n<\/div>\n","protected":false},"excerpt":{"rendered":"<p>M\u016bsu tie\u0161saistes Pirm\u0101s pal\u012bdz\u012bbas komplekts ir piel\u0101gots mazo uz\u0146\u0113mumu vad\u012bt\u0101jiem, tostarp darba dev\u0113jiem, vad\u012bt\u0101jiem, cilv\u0113kresursu un darba aizsardz\u012bbas speci\u0101listiem, kuri v\u0113las akt\u012bvi veicin\u0101t ment\u0101lo vesel\u012bbu uz\u0146\u0113mumos. \u0160aj\u0101 r\u012bku komplekt\u0101 apkopoti praktiski, viegli \u012bstenojami risin\u0101jumi, kas pal\u012bdz nov\u0113rst izplat\u012bt\u0101kos organizatoriskos, soci\u0101los un struktur\u0101los riska faktorus darbaviet\u0101s, kuri negat\u012bvi ietekm\u0113 darbinieku labb\u016bt\u012bbu. Vienlaikus taj\u0101 ir sniegti resursi, [&hellip;]<\/p>\n","protected":false},"author":1,"featured_media":0,"parent":0,"menu_order":0,"comment_status":"closed","ping_status":"closed","template":"","meta":{"_acf_changed":false,"inline_featured_image":false,"footnotes":""},"class_list":["post-1002","page","type-page","status-publish","hentry"],"acf":[],"_links":{"self":[{"href":"https:\/\/mentalhealth.ndphs.org\/lv\/wp-json\/wp\/v2\/pages\/1002","targetHints":{"allow":["GET"]}}],"collection":[{"href":"https:\/\/mentalhealth.ndphs.org\/lv\/wp-json\/wp\/v2\/pages"}],"about":[{"href":"https:\/\/mentalhealth.ndphs.org\/lv\/wp-json\/wp\/v2\/types\/page"}],"author":[{"embeddable":true,"href":"https:\/\/mentalhealth.ndphs.org\/lv\/wp-json\/wp\/v2\/users\/1"}],"replies":[{"embeddable":true,"href":"https:\/\/mentalhealth.ndphs.org\/lv\/wp-json\/wp\/v2\/comments?post=1002"}],"version-history":[{"count":9,"href":"https:\/\/mentalhealth.ndphs.org\/lv\/wp-json\/wp\/v2\/pages\/1002\/revisions"}],"predecessor-version":[{"id":2959,"href":"https:\/\/mentalhealth.ndphs.org\/lv\/wp-json\/wp\/v2\/pages\/1002\/revisions\/2959"}],"wp:attachment":[{"href":"https:\/\/mentalhealth.ndphs.org\/lv\/wp-json\/wp\/v2\/media?parent=1002"}],"curies":[{"name":"wp","href":"https:\/\/api.w.org\/{rel}","templated":true}]}}