{"id":2550,"date":"2024-11-03T15:08:06","date_gmt":"2024-11-03T15:08:06","guid":{"rendered":"https:\/\/mentalhealth.ndphs.org\/om\/"},"modified":"2024-11-03T15:08:06","modified_gmt":"2024-11-03T15:08:06","slug":"om","status":"publish","type":"page","link":"https:\/\/mentalhealth.ndphs.org\/no\/om\/","title":{"rendered":"Om"},"content":{"rendered":"<p>V\u00e5r nettbaserte f\u00f8rstehjelpsskrin er skreddersydd for ledere i sm\u00e5 og mellomstore bedrifter, inkludert arbeidsgivere, ledere, arbeidsledere, HR-medarbeidere og arbeidsmilj\u00f8representanter, som \u00f8nsker \u00e5 fremme psykisk helse p\u00e5 en proaktiv m\u00e5te. Verkt\u00f8ysskrinet inneholder praktiske l\u00f8sninger som er enkle \u00e5 implementere, og som kan hjelpe deg med \u00e5 h\u00e5ndtere vanlige organisatoriske, sosiale og strukturelle risikofaktorer p\u00e5 arbeidsplassen som har negativ innvirkning p\u00e5 de ansattes trivsel. Samtidig inneholder den ressurser som kan hjelpe deg med \u00e5 beskytte din egen psykiske helse p\u00e5 jobben.  <\/p>\n<p>Ved \u00e5 prioritere psykisk helse, beskytter du ikke bare deg selv og dine ansatte &#8211; du investerer ogs\u00e5 i virksomhetens langsiktige suksess. Utforsk ressursene v\u00e5re og begynn \u00e5 bygge en sunnere og mer robust arbeidsplass i dag. <\/p>\n<h4><strong>Hvorfor mental helse er viktig for bedriften din<\/strong><\/h4>\n<p>Psykisk helse er like viktig som fysisk helse p\u00e5 arbeidsplassen. N\u00e5r de ansatte f\u00f8ler seg st\u00f8ttet og mentalt friske, er de mer engasjerte, motiverte og produktive. Psykiske helseproblemer kan derimot f\u00f8re til \u00f8kt sykefrav\u00e6r, lavere produktivitet og h\u00f8yere turnover &#8211; utfordringer som kan ha en betydelig innvirkning p\u00e5 sm\u00e5 og mellomstore bedrifter og organisasjoner, der hvert enkelt ansatt spiller en avgj\u00f8rende rolle. \u00c5 investere i psykisk helse handler ikke bare om \u00e5 ta vare p\u00e5 de ansatte; det er en smart forretningsbeslutning som f\u00f8rer til en mer motstandsdyktig, effektiv og vellykket organisasjon.   <\/p>\n<h4><strong>Vanlige psykososiale risikoer i sm\u00e5 bedrifter<\/strong><\/h4>\n<p>Psykososiale risikoer p\u00e5 arbeidsplassen &#8211; som h\u00f8yt stressniv\u00e5, d\u00e5rlig kommunikasjon og uklare roller &#8211; kan ha en betydelig innvirkning p\u00e5 ansattes psykiske helse. Disse risikoene kan bidra til angst, utbrenthet og misn\u00f8ye med jobben, noe som igjen kan g\u00e5 ut over prestasjonene og den generelle trivselen. Ved \u00e5 erkjenne og h\u00e5ndtere disse risikoene kan du skape et bedre arbeidsmilj\u00f8 som st\u00f8tter b\u00e5de den mentale og emosjonelle tilstanden til dine ansatte.  <\/p>\n<p>I sm\u00e5 og mellomstore bedrifter og organisasjoner, der ressursene kan v\u00e6re begrensede og arbeidskravene ofte er h\u00f8ye, er visse psykososiale risikoer spesielt vanlige. Disse omfatter for eksempel: <\/p>\n<ul>\n<li><strong>Stress p\u00e5 arbeidsplassen:<\/strong> H\u00f8y arbeidsmengde, h\u00f8yt arbeidstempo og lav jobbkontroll kan f\u00f8re til langvarig stress, som kan resultere i utbrenthet hvis det ikke tas tak i.<\/li>\n<li><strong>D\u00e5rlig balanse mellom arbeid og fritid:<\/strong> I mindre team kan medarbeiderne f\u00f8le et behov for \u00e5 overanstrenge seg, noe som kan gj\u00f8re grensene mellom jobb og privatliv uklare og bidra til stress og utmattelse.<\/li>\n<li><strong>Mangel p\u00e5 st\u00f8tte for psykisk helse:<\/strong> Uten de HR-ressursene som ofte finnes i st\u00f8rre organisasjoner, kan ansatte i sm\u00e5 og mellomstore bedrifter og organisasjoner slite med \u00e5 f\u00e5 tilgang til den st\u00f8tten de trenger, noe som kan f\u00f8re til en f\u00f8lelse av isolasjon eller hjelpel\u00f8shet.<\/li>\n<li><strong>Uklare roller og forventninger:<\/strong> I dynamiske, sm\u00e5 team kan rollene v\u00e6re flytende og forventningene uklare, noe som kan skape usikkerhet blant de ansatte.<\/li>\n<li><strong>Mellommenneskelige utfordringer:<\/strong> Noen team kan av og til oppleve mellommenneskelige konflikter, som hvis de ikke h\u00e5ndteres p\u00e5 en god m\u00e5te, kan f\u00f8re til stress, redusert samarbeid og et d\u00e5rlig arbeidsmilj\u00f8.<\/li>\n<li><strong>Kommunikasjonsutfordringer:<\/strong> Effektiv kommunikasjon er avgj\u00f8rende for \u00e5 h\u00e5ndtere stress og forebygge misforst\u00e5elser. I sm\u00e5 og mellomstore bedrifter og organisasjoner, der de ansatte kan ha mange roller, kan kommunikasjonen noen ganger bli utydelig, noe som kan f\u00f8re til ul\u00f8ste konflikter, spenninger eller mangel p\u00e5 retning. <\/li>\n<\/ul>\n<div class=\"content_img\">\n<p><img loading=\"lazy\" decoding=\"async\" class=\"aligncenter\" title=\"\" src=\"https:\/\/mentalhealth.ndphs.org\/wp-content\/uploads\/2024\/12\/antonio-poveda-montes-YtoNx53Vc78-unsplash-1.jpg\" width=\"651\" height=\"464\"><\/p>\n<figure class=\"caption\"><\/figure>\n<\/div>\n<div class=\"content_img\">\n<div class=\"content_img\">\n<div class=\"content_img\">\n<div class=\"content_img\">\n<div class=\"content_img\"><\/div>\n<figure class=\"caption\"><\/figure>\n<\/div>\n<figure class=\"caption\"><\/figure>\n<\/div>\n<\/div>\n<\/div>\n<h4><strong>V\u00e5rt team<\/strong><\/h4>\n<p>Denne verkt\u00f8ykassen er utviklet av ledende eksperter p\u00e5 arbeidsmilj\u00f8 fra Finland, Estland, Latvia og Norge, som brenner for \u00e5 forbedre trivselen p\u00e5 arbeidsplassen. Alle ressursene i denne verkt\u00f8ykassen er basert p\u00e5 evidensbasert praksis og validert av v\u00e5rt ekspertteam for \u00e5 sikre at du har p\u00e5litelige og effektive verkt\u00f8y til r\u00e5dighet. Med v\u00e5r samlede ekspertise er vi opptatt av \u00e5 hjelpe deg med \u00e5 skape et tryggere, sunnere og mer st\u00f8ttende arbeidsmilj\u00f8 for dine ansatte.  <\/p>\n<div class=\"content_img\">\n<p><img loading=\"lazy\" decoding=\"async\" class=\"aligncenter\" title=\"\" src=\"https:\/\/mentalhealth.ndphs.org\/wp-content\/uploads\/2024\/12\/Family_photo.jpg\" width=\"617\" height=\"362\"><\/p>\n<figure class=\"caption\"><\/figure>\n<\/div>\n","protected":false},"excerpt":{"rendered":"<p>V\u00e5r nettbaserte f\u00f8rstehjelpsskrin er skreddersydd for ledere i sm\u00e5 og mellomstore bedrifter, inkludert arbeidsgivere, ledere, arbeidsledere, HR-medarbeidere og arbeidsmilj\u00f8representanter, som \u00f8nsker \u00e5 fremme psykisk helse p\u00e5 en proaktiv m\u00e5te. Verkt\u00f8ysskrinet inneholder praktiske l\u00f8sninger som er enkle \u00e5 implementere, og som kan hjelpe deg med \u00e5 h\u00e5ndtere vanlige organisatoriske, sosiale og strukturelle risikofaktorer p\u00e5 arbeidsplassen som [&hellip;]<\/p>\n","protected":false},"author":1,"featured_media":0,"parent":0,"menu_order":0,"comment_status":"closed","ping_status":"closed","template":"","meta":{"_acf_changed":false,"inline_featured_image":false,"footnotes":""},"class_list":["post-2550","page","type-page","status-publish","hentry"],"acf":[],"_links":{"self":[{"href":"https:\/\/mentalhealth.ndphs.org\/no\/wp-json\/wp\/v2\/pages\/2550","targetHints":{"allow":["GET"]}}],"collection":[{"href":"https:\/\/mentalhealth.ndphs.org\/no\/wp-json\/wp\/v2\/pages"}],"about":[{"href":"https:\/\/mentalhealth.ndphs.org\/no\/wp-json\/wp\/v2\/types\/page"}],"author":[{"embeddable":true,"href":"https:\/\/mentalhealth.ndphs.org\/no\/wp-json\/wp\/v2\/users\/1"}],"replies":[{"embeddable":true,"href":"https:\/\/mentalhealth.ndphs.org\/no\/wp-json\/wp\/v2\/comments?post=2550"}],"version-history":[{"count":0,"href":"https:\/\/mentalhealth.ndphs.org\/no\/wp-json\/wp\/v2\/pages\/2550\/revisions"}],"wp:attachment":[{"href":"https:\/\/mentalhealth.ndphs.org\/no\/wp-json\/wp\/v2\/media?parent=2550"}],"curies":[{"name":"wp","href":"https:\/\/api.w.org\/{rel}","templated":true}]}}